{"id":1022,"date":"2022-11-19T01:30:56","date_gmt":"2022-11-19T00:30:56","guid":{"rendered":"http:\/\/consulat-tunisie.ca\/?page_id=1022"},"modified":"2022-11-19T02:02:58","modified_gmt":"2022-11-19T01:02:58","slug":"attestation-dauthenticite-du-permis-de-conduire","status":"publish","type":"page","link":"http:\/\/consulat-tunisie.ca\/index.php\/attestation-dauthenticite-du-permis-de-conduire\/","title":{"rendered":"Attestation d&rsquo;authenticit\u00e9 du permis de conduire"},"content":{"rendered":"<li>L&rsquo;originale du permis de conduire tunisien<\/li>\n<li>Demande de certificat d&rsquo;authenticit\u00e9: <strong>26$<\/strong><\/li>\n<p><strong><span style=\"color: #ff0000;\">AVIS\u00a0IMPORTANT\u00a0:<\/span><\/strong><\/p>\n<ul>\n<li>Aux guichets du Consulat, les\u00a0droits\u00a0de timbre sont pay\u00e9s en\u00a0esp\u00e8ces\u00a0ou par carte d\u00e9bit.<\/li>\n<li>Par voie postale, les droits\u00a0de timbre doivent \u00eatre acquitt\u00e9s\u00a0<u>exclusivement\u00a0par mandat postal ou\u00a0<\/u><u>ch\u00e8que<\/u><u>\u00a0certifi\u00e9\u00a0<\/u>libell\u00e9 au nom du Consulat de Tunisie \u00e0 Montr\u00e9al.<\/li>\n<li>L\u2019envoi de l\u2019argent en esp\u00e8ces par\u00a0la poste est strictement interdit\u00a0et le dossier y aff\u00e9rent\u00a0ne sera pas trait\u00e9.<\/li>\n<\/ul>\n","protected":false},"excerpt":{"rendered":"<p>L&rsquo;originale du permis de conduire tunisien Demande de certificat d&rsquo;authenticit\u00e9: 26$ AVIS\u00a0IMPORTANT\u00a0: Aux guichets du Consulat, les\u00a0droits\u00a0de timbre sont pay\u00e9s en\u00a0esp\u00e8ces\u00a0ou par carte d\u00e9bit. Par voie postale, les droits\u00a0de timbre doivent \u00eatre acquitt\u00e9s\u00a0exclusivement\u00a0par mandat postal ou\u00a0ch\u00e8que\u00a0certifi\u00e9\u00a0libell\u00e9 au nom du Consulat de Tunisie \u00e0 Montr\u00e9al. L\u2019envoi de l\u2019argent en esp\u00e8ces par\u00a0la poste est strictement interdit\u00a0et le&hellip;<\/p>\n","protected":false},"author":4,"featured_media":0,"parent":0,"menu_order":0,"comment_status":"closed","ping_status":"closed","template":"","meta":[],"_links":{"self":[{"href":"http:\/\/consulat-tunisie.ca\/index.php\/wp-json\/wp\/v2\/pages\/1022"}],"collection":[{"href":"http:\/\/consulat-tunisie.ca\/index.php\/wp-json\/wp\/v2\/pages"}],"about":[{"href":"http:\/\/consulat-tunisie.ca\/index.php\/wp-json\/wp\/v2\/types\/page"}],"author":[{"embeddable":true,"href":"http:\/\/consulat-tunisie.ca\/index.php\/wp-json\/wp\/v2\/users\/4"}],"replies":[{"embeddable":true,"href":"http:\/\/consulat-tunisie.ca\/index.php\/wp-json\/wp\/v2\/comments?post=1022"}],"version-history":[{"count":9,"href":"http:\/\/consulat-tunisie.ca\/index.php\/wp-json\/wp\/v2\/pages\/1022\/revisions"}],"predecessor-version":[{"id":1035,"href":"http:\/\/consulat-tunisie.ca\/index.php\/wp-json\/wp\/v2\/pages\/1022\/revisions\/1035"}],"wp:attachment":[{"href":"http:\/\/consulat-tunisie.ca\/index.php\/wp-json\/wp\/v2\/media?parent=1022"}],"curies":[{"name":"wp","href":"https:\/\/api.w.org\/{rel}","templated":true}]}}