{"id":50,"date":"2015-10-25T20:25:54","date_gmt":"2015-10-25T19:25:54","guid":{"rendered":"http:\/\/consulatmontreal.itgrapes.com\/?page_id=50"},"modified":"2016-01-21T19:51:35","modified_gmt":"2016-01-21T18:51:35","slug":"certificat-de-coutume","status":"publish","type":"page","link":"http:\/\/consulat-tunisie.ca\/index.php\/certificat-de-coutume\/","title":{"rendered":"Certificat de coutume"},"content":{"rendered":"<div class=\"vc_row wpb_row wf-container\" style=\"margin-top: 0px;margin-bottom: 0px\"><div class=\"wpb_column vc_column_container vc_col-sm-12\"><div class=\"wpb_wrapper\">\r\n\t<div class=\"wpb_text_column wpb_content_element \">\r\n\t\t<div class=\"wpb_wrapper\">\r\n\t\t\t<h3><span style=\"color: #3366ff;\">Pi\u00e8ces demand\u00e9es<\/span><\/h3>\n<div>\n<ul>\n<li><strong>Formulaire<\/strong> \u00e0 remplir<\/li>\n<li>Extrait de naissance original<b> <\/b>datant de moins de 3 mois (portant la mention \u00ab\u00a0d\u00e9livr\u00e9 en vue de mariage\u00a0\u00bb).<\/li>\n<li>Photocopie des passeports des deux futurs \u00e9poux ou leurs cartes d\u2019identit\u00e9 tunisiennes.<\/li>\n<li>Photocopie de \u00a0la carte de s\u00e9jour de chacun des deux futurs \u00e9poux.<\/li>\n<\/ul>\n<\/div>\n<div><span style=\"color: #ff0000;\"><b>N.B :<\/b><\/span><\/div>\n<p>Si l\u2019un des deux conjoints est binational, l\u2019acte de naissance canadien\u00a0sera \u00e9galement demand\u00e9.<\/p>\n<p>Pour le conjoint non tunisien<\/p>\n<ul>\n<li>L\u2019acte de naissance datant de moins de trois mois (<b>original<\/b>).<\/li>\n<li>Pi\u00e8ce d\u2019identit\u00e9 ou passeport en cours de validit\u00e9.<\/li>\n<\/ul>\n\r\n\t\t<\/div>\r\n\t<\/div>\r\n<\/div><\/div><\/div>\n","protected":false},"excerpt":{"rendered":"Pi\u00e8ces demand\u00e9es Formulaire \u00e0 remplir Extrait de naissance original datant de moins de 3 mois (portant la mention \u00ab\u00a0d\u00e9livr\u00e9 en vue de mariage\u00a0\u00bb). Photocopie des passeports des deux futurs \u00e9poux ou leurs cartes d\u2019identit\u00e9 tunisiennes. Photocopie de \u00a0la carte de s\u00e9jour de chacun des deux futurs \u00e9poux. N.B : Si l\u2019un des deux conjoints est&hellip;","protected":false},"author":4,"featured_media":0,"parent":0,"menu_order":0,"comment_status":"closed","ping_status":"closed","template":"","meta":[],"_links":{"self":[{"href":"http:\/\/consulat-tunisie.ca\/index.php\/wp-json\/wp\/v2\/pages\/50"}],"collection":[{"href":"http:\/\/consulat-tunisie.ca\/index.php\/wp-json\/wp\/v2\/pages"}],"about":[{"href":"http:\/\/consulat-tunisie.ca\/index.php\/wp-json\/wp\/v2\/types\/page"}],"author":[{"embeddable":true,"href":"http:\/\/consulat-tunisie.ca\/index.php\/wp-json\/wp\/v2\/users\/4"}],"replies":[{"embeddable":true,"href":"http:\/\/consulat-tunisie.ca\/index.php\/wp-json\/wp\/v2\/comments?post=50"}],"version-history":[{"count":9,"href":"http:\/\/consulat-tunisie.ca\/index.php\/wp-json\/wp\/v2\/pages\/50\/revisions"}],"predecessor-version":[{"id":551,"href":"http:\/\/consulat-tunisie.ca\/index.php\/wp-json\/wp\/v2\/pages\/50\/revisions\/551"}],"wp:attachment":[{"href":"http:\/\/consulat-tunisie.ca\/index.php\/wp-json\/wp\/v2\/media?parent=50"}],"curies":[{"name":"wp","href":"https:\/\/api.w.org\/{rel}","templated":true}]}}