{"id":52,"date":"2015-10-25T20:27:07","date_gmt":"2015-10-25T19:27:07","guid":{"rendered":"http:\/\/consulatmontreal.itgrapes.com\/?page_id=52"},"modified":"2016-01-21T19:57:35","modified_gmt":"2016-01-21T18:57:35","slug":"livret-de-famille","status":"publish","type":"page","link":"http:\/\/consulat-tunisie.ca\/index.php\/livret-de-famille\/","title":{"rendered":"Livret de famille"},"content":{"rendered":"<div class=\"vc_row wpb_row wf-container\" style=\"margin-top: 0px;margin-bottom: 0px\"><div class=\"wpb_column vc_column_container vc_col-sm-12\"><div class=\"wpb_wrapper\">\r\n\t<div class=\"wpb_text_column wpb_content_element \">\r\n\t\t<div class=\"wpb_wrapper\">\r\n\t\t\t<h3><span style=\"color: #3366ff;\">Conditions<\/span><b><br \/>\n<\/b><\/h3>\n<ul>\n<li>L\u2019\u00e9poux doit \u00eatre de nationalit\u00e9 Tunisienne.<\/li>\n<li>Le mariage doit \u00eatre au pr\u00e9alable transcrit sur les registres tenus par le Consulat.<\/li>\n<\/ul>\n<h3><span style=\"color: #3366ff;\">Pi\u00e8ces \u00e0 fournir<\/span><\/h3>\n<ul>\n<li>Copie de l\u2019acte\u00a0de mariage datant de moins de trois mois (original),<\/li>\n<li>Extrait de naissance tunisien de l\u2019\u00e9poux d\u00e9livr\u00e9 apr\u00e8s la date de mariage.<\/li>\n<li>Extrait de naissance de l\u2019\u00e9pouse d\u00e9livr\u00e9 apr\u00e8s la date de mariage.<\/li>\n<li>Photocopie des pi\u00e8ces d\u2019identit\u00e9 des deux \u00e9poux.<\/li>\n<li>Extrait de naissance des enfants descendants datant de moins de trois mois.<\/li>\n<li>Timbre fiscal (voir\u00a0<strong><a href=\"http:\/\/consulat-tunisie.ca\/index.php\/droit-de-chancellerie\/\">droits de chancellerie<\/a><\/strong>)<\/li>\n<\/ul>\n\r\n\t\t<\/div>\r\n\t<\/div>\r\n<\/div><\/div><\/div>\n","protected":false},"excerpt":{"rendered":"Conditions L\u2019\u00e9poux doit \u00eatre de nationalit\u00e9 Tunisienne. Le mariage doit \u00eatre au pr\u00e9alable transcrit sur les registres tenus par le Consulat. Pi\u00e8ces \u00e0 fournir Copie de l\u2019acte\u00a0de mariage datant de moins de trois mois (original), Extrait de naissance tunisien de l\u2019\u00e9poux d\u00e9livr\u00e9 apr\u00e8s la date de mariage. Extrait de naissance de l\u2019\u00e9pouse d\u00e9livr\u00e9 apr\u00e8s la&hellip;","protected":false},"author":4,"featured_media":0,"parent":0,"menu_order":0,"comment_status":"closed","ping_status":"closed","template":"","meta":[],"_links":{"self":[{"href":"http:\/\/consulat-tunisie.ca\/index.php\/wp-json\/wp\/v2\/pages\/52"}],"collection":[{"href":"http:\/\/consulat-tunisie.ca\/index.php\/wp-json\/wp\/v2\/pages"}],"about":[{"href":"http:\/\/consulat-tunisie.ca\/index.php\/wp-json\/wp\/v2\/types\/page"}],"author":[{"embeddable":true,"href":"http:\/\/consulat-tunisie.ca\/index.php\/wp-json\/wp\/v2\/users\/4"}],"replies":[{"embeddable":true,"href":"http:\/\/consulat-tunisie.ca\/index.php\/wp-json\/wp\/v2\/comments?post=52"}],"version-history":[{"count":7,"href":"http:\/\/consulat-tunisie.ca\/index.php\/wp-json\/wp\/v2\/pages\/52\/revisions"}],"predecessor-version":[{"id":552,"href":"http:\/\/consulat-tunisie.ca\/index.php\/wp-json\/wp\/v2\/pages\/52\/revisions\/552"}],"wp:attachment":[{"href":"http:\/\/consulat-tunisie.ca\/index.php\/wp-json\/wp\/v2\/media?parent=52"}],"curies":[{"name":"wp","href":"https:\/\/api.w.org\/{rel}","templated":true}]}}