{"id":58,"date":"2015-10-25T20:57:24","date_gmt":"2015-10-25T19:57:24","guid":{"rendered":"http:\/\/consulatmontreal.itgrapes.com\/?page_id=58"},"modified":"2017-09-18T18:10:48","modified_gmt":"2017-09-18T17:10:48","slug":"celebration-de-mariage","status":"publish","type":"page","link":"http:\/\/consulat-tunisie.ca\/index.php\/celebration-de-mariage\/","title":{"rendered":"C\u00e9l\u00e9bration de mariage"},"content":{"rendered":"<div class=\"vc_row wpb_row wf-container\" style=\"margin-top: 0px;margin-bottom: 0px\"><div class=\"wpb_column vc_column_container vc_col-sm-12\"><div class=\"wpb_wrapper\">\r\n\t<div class=\"wpb_text_column wpb_content_element \">\r\n\t\t<div class=\"wpb_wrapper\">\r\n\t\t\t<h3><span style=\"color: #3366ff;\">Conditions :<\/span><\/h3>\n<ul>\n<li>Les deux futurs \u00e9poux doivent \u00eatre de nationalit\u00e9 tunisienne.<\/li>\n<li>Les deux futurs \u00e9poux ne doivent se trouver dans l\u2019un des cas d\u2019emp\u00eachement pr\u00e9vus par la loi.<\/li>\n<\/ul>\n<h3><span style=\"color: #3366ff;\">Pi\u00e8ces \u00e0 fournir :<\/span><\/h3>\n<ul>\n<li>Extrait de naissance original de moins de 20 jours\u00a0portant la mention \u00ab d\u00e9livr\u00e9 en vue de mariage \u00bb pour chacun des \u00e9poux.<\/li>\n<li>Photocopie de la carte d\u2019identit\u00e9 nationale tunisienne pour les deux futurs \u00e9poux.<\/li>\n<li>Photocopie\u00a0de la carte de s\u00e9jour pour chacun des futurs \u00e9poux.<\/li>\n<li>Certificat m\u00e9dical pr\u00e9nuptial r\u00e9cent pour chacun des futurs \u00e9poux.<\/li>\n<li>Photocopie\u00a0de la carte d\u2019identit\u00e9 tunisienne des deux t\u00e9moins majeurs.<\/li>\n<li><strong>Formulaire<\/strong>\u00a0\u00e0 remplir concernant le r\u00e9gime des biens matrimoniaux.<\/li>\n<\/ul>\n<p><span style=\"color: #ff0000;\"><b>N.B :<\/b><\/span><\/p>\n<ul>\n<li>Il faut pr\u00e9senter le dossier au moins une semaine avant la date du mariage.<\/li>\n<\/ul>\n\r\n\t\t<\/div>\r\n\t<\/div>\r\n<\/div><\/div><\/div>\n","protected":false},"excerpt":{"rendered":"Conditions : Les deux futurs \u00e9poux doivent \u00eatre de nationalit\u00e9 tunisienne. Les deux futurs \u00e9poux ne doivent se trouver dans l\u2019un des cas d\u2019emp\u00eachement pr\u00e9vus par la loi. Pi\u00e8ces \u00e0 fournir : Extrait de naissance original de moins de 20 jours\u00a0portant la mention \u00ab d\u00e9livr\u00e9 en vue de mariage \u00bb pour chacun des \u00e9poux. Photocopie&hellip;","protected":false},"author":4,"featured_media":0,"parent":0,"menu_order":0,"comment_status":"closed","ping_status":"closed","template":"","meta":[],"_links":{"self":[{"href":"http:\/\/consulat-tunisie.ca\/index.php\/wp-json\/wp\/v2\/pages\/58"}],"collection":[{"href":"http:\/\/consulat-tunisie.ca\/index.php\/wp-json\/wp\/v2\/pages"}],"about":[{"href":"http:\/\/consulat-tunisie.ca\/index.php\/wp-json\/wp\/v2\/types\/page"}],"author":[{"embeddable":true,"href":"http:\/\/consulat-tunisie.ca\/index.php\/wp-json\/wp\/v2\/users\/4"}],"replies":[{"embeddable":true,"href":"http:\/\/consulat-tunisie.ca\/index.php\/wp-json\/wp\/v2\/comments?post=58"}],"version-history":[{"count":6,"href":"http:\/\/consulat-tunisie.ca\/index.php\/wp-json\/wp\/v2\/pages\/58\/revisions"}],"predecessor-version":[{"id":760,"href":"http:\/\/consulat-tunisie.ca\/index.php\/wp-json\/wp\/v2\/pages\/58\/revisions\/760"}],"wp:attachment":[{"href":"http:\/\/consulat-tunisie.ca\/index.php\/wp-json\/wp\/v2\/media?parent=58"}],"curies":[{"name":"wp","href":"https:\/\/api.w.org\/{rel}","templated":true}]}}