{"id":60,"date":"2015-10-25T20:59:41","date_gmt":"2015-10-25T19:59:41","guid":{"rendered":"http:\/\/consulatmontreal.itgrapes.com\/?page_id=60"},"modified":"2023-01-20T01:20:32","modified_gmt":"2023-01-20T00:20:32","slug":"passeport","status":"publish","type":"page","link":"http:\/\/consulat-tunisie.ca\/index.php\/passeport\/","title":{"rendered":"Passeport"},"content":{"rendered":"<div class=\"vc_row wpb_row wf-container\" style=\"margin-top: 0px;margin-bottom: 0px\"><div class=\"wpb_column vc_column_container vc_col-sm-12\"><div class=\"wpb_wrapper\">\r\n\t<div class=\"wpb_text_column wpb_content_element \">\r\n\t\t<div class=\"wpb_wrapper\">\r\n\t\t\t<h3><span style=\"color: #800000;\">PASSEPORT \/ ENFANT<br \/>\n<\/span><\/h3>\n<h4><span style=\"color: #800000;\">Etablissement pour la premi\u00e8re fois :<\/span><\/h4>\n<ul>\n<li>Remplir lisiblement le <a href=\"http:\/\/consulat-tunisie.ca\/wp-content\/uploads\/2018\/05\/passeport2018.pdf\"> <span style=\"color: #0000ff;\">formulaire<\/span><\/a> (en arabe et en fran\u00e7ais), imprimer et signer en dehors de la case r\u00e9serv\u00e9e (en haut, \u00e0 gauche du formulaire).<\/li>\n<li><span style=\"color: #0000ff;\"><a style=\"color: #0000ff;\" href=\"http:\/\/consulat-tunisie.ca\/wp-content\/uploads\/2015\/11\/autorisation-pere-mere.pdf\" target=\"_blank\">Autorisation parentale<\/a><\/span>\u00a0d\u00fbment remplie et sign\u00e9e\u00a0\u00e0 l\u00e9galiser au Consulat.<\/li>\n<li>Voir rubrique<span style=\"color: #0000ff;\"><a style=\"color: #0000ff;\" href=\"http:\/\/consulat-tunisie.ca\/index.php\/transcriptions\/\"> transcription de naissance<\/a><\/span> pour les enfants qui n\u2019ont pas encore \u00e9t\u00e9 enregistr\u00e9s dans les registres de\u00a0 l\u2019\u00e9tat civil tunisien).<\/li>\n<li>Photocopie de la carte d\u2019identit\u00e9 tunisienne (recto verso) \/ ou copie du passeport du p\u00e8re et de la m\u00e8re.<\/li>\n<li>Photocopie de la carte de r\u00e9sidence permanente (valide) ou Citoyennet\u00e9 Canadienne ou permis d&rsquo;\u00e9tudes (valide).<\/li>\n<li>Certificat de scolarit\u00e9 (pour les enfants en \u00e2ge de scolarisation).<\/li>\n<li>Deux\u00a0photos d\u2019identit\u00e9 (en couleur, sans lunettes et avec fond blanc ;\u00a0dimensions 4,5&#215;3,5cm).<\/li>\n<li> Droits de chancellerie: 37$ (inclus 22$ passeport + 9$ autorisation parentale + 6$ extrait de naissance) <\/li>\n<li>Par voie postale, les droits de chancellerie doivent \u00eatres acquitt\u00e9s exclusivement par mandat postal ou par ch\u00e8que certifi\u00e9 libell\u00e9 au nom du Consulat de Tunisie \u00e0 Montr\u00e9al.<\/li>\n<\/ul>\n<h4><span style=\"color: #800000;\">Renouvellement :<\/span><\/h4>\n<ul>\n<li>Remplir lisiblement le <a href=\"http:\/\/consulat-tunisie.ca\/wp-content\/uploads\/2018\/05\/passeport2018.pdf\"> <span style=\"color: #0000ff;\">formulaire<\/span><\/a> (en arabe et en fran\u00e7ais), imprimer et signer en dehors de la case r\u00e9serv\u00e9e (en haut, \u00e0 gauche du formulaire).<\/li>\n<li><span style=\"color: #0000ff;\"><a style=\"color: #0000ff;\" href=\"http:\/\/consulat-tunisie.ca\/wp-content\/uploads\/2015\/11\/autorisation-pere-mere.pdf\" target=\"_blank\">Autorisation parentale<\/a><\/span> d\u00fbment remplie et sign\u00e9e.<\/li>\n<li>Ancien passeport.<\/li>\n<li>Photocopie de la page d\u2019identification du passeport (la page avec la photo).<\/li>\n<li>Photocopie de la carte d\u2019identit\u00e9 tunisienne (recto verso) \/ ou copie du passeport du p\u00e8re et de la m\u00e8re.<\/li>\n<li>Photocopie de la carte de r\u00e9sidence permanente\u00a0(valide) ou Citoyennet\u00e9 Canadienne ou permis d&rsquo;\u00e9tudes (valide).<\/li>\n<li>Certificat de scolarit\u00e9\u00a0(pour les enfants en \u00e2ge de scolarisation).<\/li>\n<li>Deux photos d\u2019identit\u00e9 (en couleur, sans lunettes et avec fond blanc ;\u00a0dimensions 4,5&#215;3,5cm).<\/li>\n<li> Droits de chancellerie: 37$ (inclus 22$ passeport + 9$ autorisation parentale + 6$ extrait de naissance) <\/li>\n<li>L&rsquo;ancien passeport sera remis automatiquement avec le nouveau passeport.<\/li>\n<li>Par voie postale, les droits de chancellerie doivent \u00eatres acquitt\u00e9s exclusivement par mandat postal ou par ch\u00e8que certifi\u00e9 libell\u00e9 au nom du Consulat de Tunisie \u00e0 Montr\u00e9al.<\/li>\n<\/ul>\n<p>&nbsp;<\/p>\n<h3><span style=\"color: #800000;\">PASSEPORT \/ \u00a0ETUDIANT<\/span><\/h3>\n<p>&nbsp;<\/p>\n<ul>\n<li>Remplir lisiblement le <a href=\"http:\/\/consulat-tunisie.ca\/wp-content\/uploads\/2018\/05\/passeport2018.pdf\"> <span style=\"color: #0000ff;\">formulaire<\/span><\/a> (en arabe et en fran\u00e7ais), imprimer et signer dans la case r\u00e9serv\u00e9e (en haut, \u00e0 gauche du formulaire).<\/li>\n<li>Ancien passeport.<\/li>\n<li>photocopie de la page d\u2019identification du passeport (la page avec la photo).<\/li>\n<li>Photocopie de la carte d\u2019identit\u00e9 tunisienne (recto verso).<strong>\u00a0\u00a0<\/strong><\/li>\n<li>Photocopie de la carte de r\u00e9sidence permanente\u00a0(valide) ou Citoyennet\u00e9 Canadienne ou permis d&rsquo;\u00e9tudes (valide).<\/li>\n<li>Certificat d\u2019inscription\u00a0scolaire\u00a0ou\u00a0universitaire\u00a0(la\u00a0session\u00a0en\u00a0cours).<\/li>\n<li>Deux photos d\u2019identit\u00e9 (en couleur, sans lunettes et avec fond blanc ;\u00a0dimensions 4,5&#215;3,5cm).<\/li>\n<li>Photocopie de la<span style=\"color: #0000ff;\"><a style=\"color: #0000ff;\" href=\"http:\/\/consulat-tunisie.ca\/index.php\/immatriculation-consulaire\/\" target=\"_blank\"> carte consulaire <\/a><\/span>valide (non obligatoire).<\/li>\n<li>Voir <span style=\"color: #0000ff;\"><a style=\"color: #0000ff;\" href=\"http:\/\/consulat-tunisie.ca\/index.php\/droit-de-chancellerie\/\" target=\"_blank\">droits de chancellerie<\/a><\/span>).<\/li>\n<li>L&rsquo;ancien passeport sera remis automatiquement avec le nouveau passeport.<\/li>\n<li>Par voie postale, les droits de chancellerie doivent \u00eatres acquitt\u00e9s exclusivement par mandat postal ou par ch\u00e8que certifi\u00e9 libell\u00e9 au nom du Consulat de Tunisie \u00e0 Montr\u00e9al.<\/li>\n<\/ul>\n<p>&nbsp;<\/p>\n<p>&nbsp;<\/p>\n<h3><span style=\"color: #800000;\">PASSEPORT \/ ADULTE (\u00e0\u00a0partir de 18 ans)<\/span><\/h3>\n<h4><span style=\"color: #800000;\">Etablissement pour la 1<sup>\u00e8re<\/sup>\u00a0fois<\/span><\/h4>\n<ul>\n<li>Remplir lisiblement le <a href=\"http:\/\/consulat-tunisie.ca\/wp-content\/uploads\/2018\/05\/passeport2018.pdf\"> <span style=\"color: #0000ff;\">formulaire<\/span><\/a> (en arabe et en fran\u00e7ais), imprimer et signer dans la case r\u00e9serv\u00e9e (en haut, \u00e0 gauche du formulaire).<\/li>\n<li>Copie de la carte d\u2019identit\u00e9 tunisienne (recto verso).<\/li>\n<li>Attestation de travail ou \u00a0certificat d\u2019inscription\u00a0scolaire\u00a0ou\u00a0universitaire\u00a0(la\u00a0session\u00a0en\u00a0cours).<\/li>\n<li>Copie de la carte de r\u00e9sidence permanente(valide) ou Citoyennet\u00e9 Canadienne ou permis d&rsquo;\u00e9tudes (valide) ou permis de travail (valide).<\/li>\n<li>Deux\u00a0photos d\u2019identit\u00e9 (en couleur, sans lunettes et avec fond blanc ;\u00a0dimensions 4,5&#215;3,5cm).<\/li>\n<li>Copie de la\u00a0<span style=\"color: #0000ff;\"><a style=\"color: #0000ff;\" href=\"http:\/\/consulat-tunisie.ca\/index.php\/immatriculation-consulaire\/\" target=\"_blank\">carte consulaire <\/a><\/span>valide (non obligatoire).<\/li>\n<li>Voir <span style=\"color: #0000ff;\"><a style=\"color: #0000ff;\" href=\"http:\/\/consulat-tunisie.ca\/index.php\/droit-de-chancellerie\/\" target=\"_blank\">droits de chancellerie<\/a><\/span>).<\/li>\n<li>Par voie postale, les droits de chancellerie doivent \u00eatres acquitt\u00e9s exclusivement par mandat postal ou par ch\u00e8que certifi\u00e9 libell\u00e9 au nom du Consulat de Tunisie \u00e0 Montr\u00e9al.<\/li>\n<\/ul>\n<h4><span style=\"color: #800000;\">Renouvellement :<\/span><\/h4>\n<ul>\n<li>Remplir lisiblement le <a href=\"http:\/\/consulat-tunisie.ca\/wp-content\/uploads\/2018\/05\/passeport2018.pdf\"> <span style=\"color: #0000ff;\">formulaire<\/span><\/a> (en arabe et en fran\u00e7ais), imprimer et signer dans la case r\u00e9serv\u00e9e (en haut, \u00e0 gauche du formulaire).<\/li>\n<li>Ancien passeport.<\/li>\n<li>Photocopie de la page d\u2019identification du passeport (la page avec la photo).<\/li>\n<li>Photocopie de la carte d\u2019identit\u00e9 tunisienne (recto verso).<\/li>\n<li>Copie de la carte de r\u00e9sidence permanente (valide) ou Citoyennet\u00e9 Canadienne ou permis d&rsquo;\u00e9tudes (valide) ou permis de travail (valide).<\/li>\n<li>Attestation de travail ou \u00a0certificat d\u2019inscription\u00a0scolaire\u00a0ou\u00a0universitaire\u00a0(la\u00a0session\u00a0en\u00a0cours).<\/li>\n<li>Deux photos d\u2019identit\u00e9 (en couleur, sans lunettes et avec fond blanc ;\u00a0dimensions 4,5&#215;3,5cm).<\/li>\n<li>Photocopie de la<span style=\"color: #0000ff;\"><a style=\"color: #0000ff;\" href=\"http:\/\/consulat-tunisie.ca\/index.php\/immatriculation-consulaire\/\" target=\"_blank\"> carte consulaire <\/a><\/span>valide (non obligatoire).<\/li>\n<li>Voir <span style=\"color: #0000ff;\"><a style=\"color: #0000ff;\" href=\"http:\/\/consulat-tunisie.ca\/index.php\/droit-de-chancellerie\/\" target=\"_blank\">droits de chancellerie<\/a><\/span>).<\/li>\n<li>Par voie postale, les droits de chancellerie doivent \u00eatres acquitt\u00e9s exclusivement par mandat postal ou par ch\u00e8que certifi\u00e9 libell\u00e9 au nom du Consulat de Tunisie \u00e0 Montr\u00e9al.<\/li>\n<\/ul>\n<p><strong><span style=\"color: #ff0000;\">N.B : <\/span><\/strong><span style=\"color: #ff0000;\"><strong>Un<\/strong> <strong><span style=\"text-decoration: underline;\">formulaire d\u2019<\/span><\/strong><\/span><span style=\"text-decoration: underline; color: #ff0000;\"><strong><a style=\"color: #ff0000; text-decoration: underline;\" href=\"http:\/\/consulat-tunisie.ca\/wp-content\/uploads\/2015\/11\/engagement-cin-001.jpg\">engagement<\/a>\u00a0<\/strong><\/span><strong><span style=\"color: #ff0000;\">pour le\u00a0renouvellement\u00a0de la\u00a0Carte\u00a0d\u2019Identit\u00e9\u00a0Nationale (CIN) sign\u00e9 et l\u00e9galis\u00e9 au Consulat<\/span> <span style=\"color: #ff0000;\">est requis pour les cas suivants (\u00e0 noter que la le renouvellement ou l&rsquo;\u00e9tablissement de la CIN se fait uniquement en Tunisie) <\/span><span style=\"color: #ff0000;\">:<\/span><\/strong><\/p>\n<ul>\n<li>Pour\u00a0 la femme\u00a0 mari\u00e9e dont le nom de famille de son \u00e9poux ne figure pas\u00a0sur sa carte d\u2019identit\u00e9\u00a0nationale.<\/li>\n<li>En cas de perte de la CIN avec pr\u00e9sentation d\u2019un extrait de naissance tunisien<em>\u00a0(original et r\u00e9cent de 3 mois)<\/em>.<\/li>\n<\/ul>\n<p>&nbsp;<\/p>\n<h4><span style=\"color: #800000;\">Duplicata\u00a0:<\/span><\/h4>\n<ul>\n<li>Remplir lisiblement le <a href=\"http:\/\/consulat-tunisie.ca\/wp-content\/uploads\/2018\/05\/passeport2018.pdf\"> <span style=\"color: #0000ff;\">formulaire<\/span><\/a> (en arabe et en fran\u00e7ais), imprimer et signer dans la case r\u00e9serv\u00e9e (en haut, \u00e0 gauche du formulaire).<\/li>\n<li>D\u00e9claration de perte \u00a0d\u00e9livr\u00e9e par les autorit\u00e9s Canadiennes\u00a0(rapport de\u00a0police obligatoire).<\/li>\n<li>Lettre explicative sur les conditions de la perte.<\/li>\n<li>Photocopie de la carte d\u2019identit\u00e9 tunisienne (recto verso).<\/li>\n<li>Extrait de naissance tunisien (\u00a0original et r\u00e9cent de 3 mois) et qui peut \u00eatre fait au consulat<\/li>\n<li>Copie de la carte de r\u00e9sidence permanente(valide) ou Citoyennet\u00e9 Canadienne ou permis d&rsquo;\u00e9tudes (valide) ou permis de travail (valide).<\/li>\n<li>Attestation de travail ou\u00a0 certificat de scolarit\u00e9 pour les \u00e9tudiants.<\/li>\n<li>Deux\u00a0photos d\u2019identit\u00e9 (en couleur, sans lunettes et avec fond blanc ;\u00a0dimensions 4,5&#215;3,5cm).<\/li>\n<li>Photocopie <span style=\"color: #0000ff;\"><a style=\"color: #0000ff;\" href=\"http:\/\/consulat-tunisie.ca\/index.php\/immatriculation-consulaire\/\" target=\"_blank\">carte consulaire<\/a><\/span> valide (non obligatoire).<\/li>\n<li>Voir <span style=\"color: #0000ff;\"><a style=\"color: #0000ff;\" href=\"http:\/\/consulat-tunisie.ca\/index.php\/droit-de-chancellerie\/\" target=\"_blank\">droits de chancellerie<\/a><\/span>).<\/li>\n<li>Par voie postale, les droits de chancellerie doivent \u00eatres acquitt\u00e9s exclusivement par mandat postal ou par ch\u00e8que certifi\u00e9 libell\u00e9 au nom du Consulat de Tunisie \u00e0 Montr\u00e9al.<\/li>\n<\/ul>\n<h3><\/h3>\n<h3><span style=\"color: #800000;\">IMPORTANT :<\/span><\/h3>\n<p>Toute\u00a0personne \u00e2g\u00e9e de 18 ans et plus doit se pr\u00e9senter personnellement au Consulat pour la r\u00e9cup\u00e9ration de son passeport .<\/p>\n<ul>\n<li><strong><span style=\"color: #ff0000;\">l\u2019envoi de l\u2019argent en esp\u00e8ces par\u00a0la poste est strictement interdit\u00a0et le dossier envoy\u00e9 ne sera pas trait\u00e9.<\/span><\/strong><\/li>\n<\/ul>\n<h3 style=\"text-align: center;\"><\/h3>\n\r\n\t\t<\/div>\r\n\t<\/div>\r\n<\/div><\/div><\/div>\n","protected":false},"excerpt":{"rendered":"PASSEPORT \/ ENFANT Etablissement pour la premi\u00e8re fois : Remplir lisiblement le formulaire (en arabe et en fran\u00e7ais), imprimer et signer en dehors de la case r\u00e9serv\u00e9e (en haut, \u00e0 gauche du formulaire). Autorisation parentale\u00a0d\u00fbment remplie et sign\u00e9e\u00a0\u00e0 l\u00e9galiser au Consulat. Voir rubrique transcription de naissance pour les enfants qui n\u2019ont pas encore \u00e9t\u00e9 enregistr\u00e9s&hellip;","protected":false},"author":4,"featured_media":352,"parent":0,"menu_order":0,"comment_status":"closed","ping_status":"closed","template":"","meta":[],"_links":{"self":[{"href":"http:\/\/consulat-tunisie.ca\/index.php\/wp-json\/wp\/v2\/pages\/60"}],"collection":[{"href":"http:\/\/consulat-tunisie.ca\/index.php\/wp-json\/wp\/v2\/pages"}],"about":[{"href":"http:\/\/consulat-tunisie.ca\/index.php\/wp-json\/wp\/v2\/types\/page"}],"author":[{"embeddable":true,"href":"http:\/\/consulat-tunisie.ca\/index.php\/wp-json\/wp\/v2\/users\/4"}],"replies":[{"embeddable":true,"href":"http:\/\/consulat-tunisie.ca\/index.php\/wp-json\/wp\/v2\/comments?post=60"}],"version-history":[{"count":37,"href":"http:\/\/consulat-tunisie.ca\/index.php\/wp-json\/wp\/v2\/pages\/60\/revisions"}],"predecessor-version":[{"id":1047,"href":"http:\/\/consulat-tunisie.ca\/index.php\/wp-json\/wp\/v2\/pages\/60\/revisions\/1047"}],"wp:featuredmedia":[{"embeddable":true,"href":"http:\/\/consulat-tunisie.ca\/index.php\/wp-json\/wp\/v2\/media\/352"}],"wp:attachment":[{"href":"http:\/\/consulat-tunisie.ca\/index.php\/wp-json\/wp\/v2\/media?parent=60"}],"curies":[{"name":"wp","href":"https:\/\/api.w.org\/{rel}","templated":true}]}}