{"id":64,"date":"2015-10-25T21:02:09","date_gmt":"2015-10-25T20:02:09","guid":{"rendered":"http:\/\/consulatmontreal.itgrapes.com\/?page_id=64"},"modified":"2015-11-16T20:31:14","modified_gmt":"2015-11-16T19:31:14","slug":"laissez-passer","status":"publish","type":"page","link":"http:\/\/consulat-tunisie.ca\/index.php\/laissez-passer\/","title":{"rendered":"Laissez-passer"},"content":{"rendered":"<div class=\"vc_row wpb_row wf-container\" style=\"margin-top: 0px;margin-bottom: 0px\"><div class=\"wpb_column vc_column_container vc_col-sm-12\"><div class=\"wpb_wrapper\">\r\n\t<div class=\"wpb_text_column wpb_content_element \">\r\n\t\t<div class=\"wpb_wrapper\">\r\n\t\t\t<h3><span style=\"color: #3366ff;\">Conditions<\/span><\/h3>\n<ul>\n<li>\u00catre de nationalit\u00e9 tunisienne<\/li>\n<li>\u00catre d\u00e9muni de tout titre de voyage<\/li>\n<\/ul>\n<h3><span style=\"color: #3366ff;\">Pi\u00e8ces \u00e0 fournir<\/span><\/h3>\n<ul>\n<li>Justificatif de l\u2019identit\u00e9 (copie de la carte d\u2019identit\u00e9, copie du passeport).<\/li>\n<li>Demande \u00e0 r\u00e9diger au Consulat<\/li>\n<li>Deux photos d\u2019identit\u00e9 (en couleur, sans lunettes et avec fond blanc)<\/li>\n<li>Billet d\u2019avion avec date de retour ferme<a style=\"color: #3366ff;\" name=\"TOC-N.B-:\"><\/a><\/li>\n<\/ul>\n<p><span style=\"color: #3366ff;\"><span style=\"color: #ff0000;\"><strong>N.B :<\/strong> La pr\u00e9sence du demandeur est exig\u00e9e<\/span><\/span><\/p>\n<h4><span style=\"color: #3366ff;\">La validit\u00e9 de ce document est\u00a0limit\u00e9e\u00a0\u00e0 4\u00a0jours.<\/span><\/h4>\n\r\n\t\t<\/div>\r\n\t<\/div>\r\n<\/div><\/div><\/div>\n","protected":false},"excerpt":{"rendered":"Conditions \u00catre de nationalit\u00e9 tunisienne \u00catre d\u00e9muni de tout titre de voyage Pi\u00e8ces \u00e0 fournir Justificatif de l\u2019identit\u00e9 (copie de la carte d\u2019identit\u00e9, copie du passeport). Demande \u00e0 r\u00e9diger au Consulat Deux photos d\u2019identit\u00e9 (en couleur, sans lunettes et avec fond blanc) Billet d\u2019avion avec date de retour ferme N.B : La pr\u00e9sence du demandeur&hellip;","protected":false},"author":4,"featured_media":0,"parent":0,"menu_order":0,"comment_status":"closed","ping_status":"closed","template":"","meta":[],"_links":{"self":[{"href":"http:\/\/consulat-tunisie.ca\/index.php\/wp-json\/wp\/v2\/pages\/64"}],"collection":[{"href":"http:\/\/consulat-tunisie.ca\/index.php\/wp-json\/wp\/v2\/pages"}],"about":[{"href":"http:\/\/consulat-tunisie.ca\/index.php\/wp-json\/wp\/v2\/types\/page"}],"author":[{"embeddable":true,"href":"http:\/\/consulat-tunisie.ca\/index.php\/wp-json\/wp\/v2\/users\/4"}],"replies":[{"embeddable":true,"href":"http:\/\/consulat-tunisie.ca\/index.php\/wp-json\/wp\/v2\/comments?post=64"}],"version-history":[{"count":5,"href":"http:\/\/consulat-tunisie.ca\/index.php\/wp-json\/wp\/v2\/pages\/64\/revisions"}],"predecessor-version":[{"id":441,"href":"http:\/\/consulat-tunisie.ca\/index.php\/wp-json\/wp\/v2\/pages\/64\/revisions\/441"}],"wp:attachment":[{"href":"http:\/\/consulat-tunisie.ca\/index.php\/wp-json\/wp\/v2\/media?parent=64"}],"curies":[{"name":"wp","href":"https:\/\/api.w.org\/{rel}","templated":true}]}}