{"id":67,"date":"2015-10-25T21:04:46","date_gmt":"2015-10-25T20:04:46","guid":{"rendered":"http:\/\/consulatmontreal.itgrapes.com\/?page_id=67"},"modified":"2016-01-26T21:56:15","modified_gmt":"2016-01-26T20:56:15","slug":"sursis-et-dispense-militaire","status":"publish","type":"page","link":"http:\/\/consulat-tunisie.ca\/index.php\/sursis-et-dispense-militaire\/","title":{"rendered":"Sursis et dispense militaire"},"content":{"rendered":"<div class=\"vc_row wpb_row wf-container\" style=\"margin-top: 0px;margin-bottom: 0px\"><div class=\"wpb_column vc_column_container vc_col-sm-12\"><div class=\"wpb_wrapper\">\r\n\t<div class=\"wpb_text_column wpb_content_element \">\r\n\t\t<div class=\"wpb_wrapper\">\r\n\t\t\t<h3><span style=\"color: #3366ff;\">Pi\u00e8ces demand\u00e9es<\/span><\/h3>\n<ul>\n<li><a href=\"http:\/\/consulat-tunisie.ca\/wp-content\/uploads\/2015\/11\/SURSIS-MILIAIRE.pdf\" target=\"_blank\">Formulaire <\/a>d\u00fbment rempli et sign\u00e9.<\/li>\n<li>Les pi\u00e8ces indiqu\u00e9es dans le formulaire en question.<\/li>\n<\/ul>\n\r\n\t\t<\/div>\r\n\t<\/div>\r\n<\/div><\/div><\/div>\n","protected":false},"excerpt":{"rendered":"Pi\u00e8ces demand\u00e9es Formulaire d\u00fbment rempli et sign\u00e9. Les pi\u00e8ces indiqu\u00e9es dans le formulaire en question.","protected":false},"author":4,"featured_media":0,"parent":0,"menu_order":0,"comment_status":"closed","ping_status":"closed","template":"","meta":[],"_links":{"self":[{"href":"http:\/\/consulat-tunisie.ca\/index.php\/wp-json\/wp\/v2\/pages\/67"}],"collection":[{"href":"http:\/\/consulat-tunisie.ca\/index.php\/wp-json\/wp\/v2\/pages"}],"about":[{"href":"http:\/\/consulat-tunisie.ca\/index.php\/wp-json\/wp\/v2\/types\/page"}],"author":[{"embeddable":true,"href":"http:\/\/consulat-tunisie.ca\/index.php\/wp-json\/wp\/v2\/users\/4"}],"replies":[{"embeddable":true,"href":"http:\/\/consulat-tunisie.ca\/index.php\/wp-json\/wp\/v2\/comments?post=67"}],"version-history":[{"count":6,"href":"http:\/\/consulat-tunisie.ca\/index.php\/wp-json\/wp\/v2\/pages\/67\/revisions"}],"predecessor-version":[{"id":581,"href":"http:\/\/consulat-tunisie.ca\/index.php\/wp-json\/wp\/v2\/pages\/67\/revisions\/581"}],"wp:attachment":[{"href":"http:\/\/consulat-tunisie.ca\/index.php\/wp-json\/wp\/v2\/media?parent=67"}],"curies":[{"name":"wp","href":"https:\/\/api.w.org\/{rel}","templated":true}]}}