{"id":71,"date":"2015-10-25T21:07:37","date_gmt":"2015-10-25T20:07:37","guid":{"rendered":"http:\/\/consulatmontreal.itgrapes.com\/?page_id=71"},"modified":"2017-05-03T16:51:34","modified_gmt":"2017-05-03T15:51:34","slug":"bulletin-n3","status":"publish","type":"page","link":"http:\/\/consulat-tunisie.ca\/index.php\/bulletin-n3\/","title":{"rendered":"Bulletin N\u00b03"},"content":{"rendered":"<div class=\"vc_row wpb_row wf-container\" style=\"margin-top: 0px;margin-bottom: 0px\"><div class=\"wpb_column vc_column_container vc_col-sm-12\"><div class=\"wpb_wrapper\">\r\n\t<div class=\"wpb_text_column wpb_content_element \">\r\n\t\t<div class=\"wpb_wrapper\">\r\n\t\t\t<p>Liste des pi\u00e8ces \u00e0 fournir pour faire une demande d\u2019extrait de casier judiciaire\u00a0( Bulletin N\u00b0 3 )<!--more--><\/p>\n<h3><span style=\"color: #3366ff;\">Pi\u00e8ces demand\u00e9es<\/span><\/h3>\n<ul>\n<li><a href=\"http:\/\/consulat-tunisie.ca\/wp-content\/uploads\/2015\/11\/CASIER-JUDICIAIRE-BN3.pdf\" target=\"_blank\">Formulaire<\/a>\u00a0rempli et sign\u00e9 par l\u2019int\u00e9ress\u00e9<\/li>\n<li>copie de la carte d\u2019identit\u00e9 nationale ( recto verso) ou du passeport \u00a0( page avec la photo)<\/li>\n<li>copie de la carte consulaire valide ( pour les citoyens d\u2019origine \u00a0tunisienne\u00a0)<\/li>\n<li>un justificatif de r\u00e9sidence en Tunisie avec lettre explicative (pour tout \u00e9tranger n\u00e9 en Tunisie ou ayant\u00a0s\u00e9journ\u00e9\u00a0une p\u00e9riode d\u00e9termin\u00e9e).<\/li>\n<li>timbre fiscal ( voir <a href=\"http:\/\/consulat-tunisie.ca\/index.php\/droit-de-chancellerie\/\" target=\"_blank\">droits de chancellerie<\/a> )<\/li>\n<\/ul>\n<p><span style=\"color: #ff0000;\"><strong>N.B : <\/strong><\/span><\/p>\n<ul>\n<li>La demande de bulletin N\u00b03 peut \u00eatre envoy\u00e9e par voie postale. Dans ce cas, pri\u00e8re de joindre exclusivement un mandat-poste\u00a0au nom du Consulat de Tunisie \u00e0 Montr\u00e9al et une enveloppe retour timbr\u00e9e portant l\u2019adresse du demandeur.Tout dossier incomplet ne sera pas trait\u00e9.<\/li>\n<li><span style=\"color: #ff0000;\">Il\u00a0est possible de demander le bulletin n\u00b0 3 (extrait du casier judiciaire) en ligne sur le site web s\u00e9curis\u00e9 : <strong><a style=\"color: #ff0000;\" href=\"http:\/\/b3.interieur.gov.tn\/\" target=\"_blank\" rel=\"nofollow\">http:\/\/b3.interieur.gov.tn<\/a><\/strong><\/span><br \/>\n<span style=\"color: #ff0000;\">Le bulletin en question sera envoy\u00e9 au demandeur personnellement par la poste rapide \u00e0 l\u2019adresse renseign\u00e9e.<\/span><\/li>\n<\/ul>\n\r\n\t\t<\/div>\r\n\t<\/div>\r\n<\/div><\/div><\/div>\n","protected":false},"excerpt":{"rendered":"<p>Liste des pi\u00e8ces \u00e0 fournir pour faire une demande d\u2019extrait de casier judiciaire\u00a0( Bulletin N\u00b0 3 )<\/p>\n","protected":false},"author":4,"featured_media":386,"parent":0,"menu_order":0,"comment_status":"closed","ping_status":"closed","template":"","meta":[],"_links":{"self":[{"href":"http:\/\/consulat-tunisie.ca\/index.php\/wp-json\/wp\/v2\/pages\/71"}],"collection":[{"href":"http:\/\/consulat-tunisie.ca\/index.php\/wp-json\/wp\/v2\/pages"}],"about":[{"href":"http:\/\/consulat-tunisie.ca\/index.php\/wp-json\/wp\/v2\/types\/page"}],"author":[{"embeddable":true,"href":"http:\/\/consulat-tunisie.ca\/index.php\/wp-json\/wp\/v2\/users\/4"}],"replies":[{"embeddable":true,"href":"http:\/\/consulat-tunisie.ca\/index.php\/wp-json\/wp\/v2\/comments?post=71"}],"version-history":[{"count":15,"href":"http:\/\/consulat-tunisie.ca\/index.php\/wp-json\/wp\/v2\/pages\/71\/revisions"}],"predecessor-version":[{"id":1084,"href":"http:\/\/consulat-tunisie.ca\/index.php\/wp-json\/wp\/v2\/pages\/71\/revisions\/1084"}],"wp:featuredmedia":[{"embeddable":true,"href":"http:\/\/consulat-tunisie.ca\/index.php\/wp-json\/wp\/v2\/media\/386"}],"wp:attachment":[{"href":"http:\/\/consulat-tunisie.ca\/index.php\/wp-json\/wp\/v2\/media?parent=71"}],"curies":[{"name":"wp","href":"https:\/\/api.w.org\/{rel}","templated":true}]}}