{"id":73,"date":"2015-10-25T21:09:27","date_gmt":"2015-10-25T20:09:27","guid":{"rendered":"http:\/\/consulatmontreal.itgrapes.com\/?page_id=73"},"modified":"2016-01-21T21:28:11","modified_gmt":"2016-01-21T20:28:11","slug":"visas","status":"publish","type":"page","link":"http:\/\/consulat-tunisie.ca\/index.php\/visas\/","title":{"rendered":"Visa"},"content":{"rendered":"<div class=\"vc_row wpb_row wf-container\" style=\"margin-top: 0px;margin-bottom: 0px\"><div class=\"wpb_column vc_column_container vc_col-sm-12\"><div class=\"wpb_wrapper\">\r\n\t<div class=\"wpb_text_column wpb_content_element \">\r\n\t\t<div class=\"wpb_wrapper\">\r\n\t\t\t<p><strong>PIECES A FOURNIR POUR LA DEMANDE D\u2019UN VISA<\/strong><\/p>\n<ul>\n<li>Remplir lisiblement et signer les les <a href=\"http:\/\/consulat-tunisie.ca\/wp-content\/uploads\/2015\/11\/FORMULAIRE-VISA.pdf\">formulaires <\/a>en double exemplaires ci-joints,<\/li>\n<li>\u00a0Une (01) photo,<\/li>\n<li>\u00a0Photocopie de la page d\u2019identification du passeport<\/li>\n<li>\u00a0Le passeport<\/li>\n<li>\u00a0Photocopie du Certificat d\u2019Immigration<\/li>\n<li>\u00a0Attestation de travail (pour les travailleurs)<\/li>\n<li>\u00a0Inscription Scolaire ou Universitaire (pour les \u00e9tudiants)<\/li>\n<li>\u00a0Une r\u00e9servation d\u2019h\u00f4tel confirm\u00e9e ou une lettre d\u2019invitation officielle.<\/li>\n<li>\u00a0Un mandat postal ou ch\u00e8que certifi\u00e9 libell\u00e9 \u00e0 l\u2019ordre du \u2018Consulat de Tunisie \u00e0 Montr\u00e9al\u2019 non remboursable ou en esp\u00e8ce pour ceux qui se pr\u00e9sentent au consulat.<\/li>\n<li>Timbre fiscal (voir <a href=\"http:\/\/consulat-tunisie.ca\/index.php\/droit-de-chancellerie\/\" target=\"_blank\">droits de chancellerie<\/a>).<\/li>\n<\/ul>\n<p>N.B : Pour l\u2019envoi du passeport, sur lequel sera appos\u00e9 le visa, pri\u00e8re de nous faire parvenir une enveloppe \u00ab PREPAID \u00bb de type EXPRESS POST(avec tracking) avec la demande (il est obligatoire d\u2019\u00e9crire votre adresse sur l\u2019enveloppe) <\/p>\n<p><strong><span style=\"color: #ff0000;\">N.B: En cas de refus, les frais ne seront pas rembours\u00e9es.<\/strong><\/span><\/p>\n<p><strong><span style=\"color: #ff0000;\"><span style=\"text-decoration: underline;\">AVIS\u00a0IMPORTANT<\/span> :<\/span><\/strong><\/p>\n<ul>\n<li><span style=\"color: #000000;\"><strong>Les droits de chancellerie peuvent \u00eatre pay\u00e9s en esp\u00e8ce ou par carte de d\u00e9bit.<\/strong><\/span><\/li>\n<li><span style=\"color: #000000;\"><b style=\"color: #000000;\">Par voie postale, les droits\u00a0de timbre doivent \u00eatre acquitt\u00e9s <\/b><span style=\"text-decoration: underline;\"><b style=\"color: #000000;\"><u>exclusivement\u00a0par mandat postal ou <\/u><\/b><span style=\"color: #000000;\"><b><u>ch\u00e8que<\/u><\/b><\/span><b style=\"color: #000000;\"><u>\u00a0certifi\u00e9\u00a0<\/u><\/b><\/span><b style=\"color: #000000;\">libell\u00e9 au nom du Consulat de Tunisie \u00e0 Montr\u00e9al.<\/b><\/span><\/li>\n<li><span style=\"color: #000000;\"><strong>L&rsquo;envoi de l\u2019argent en esp\u00e8ces par\u00a0la poste est strictement interdit\u00a0et le dossier y aff\u00e9rent\u00a0ne sera pas trait\u00e9.<\/strong><\/span><\/li>\n<\/ul>\n<p>&nbsp;<\/p>\n<p><strong> VISA REQUIREMENTS<\/strong><\/p>\n<p>&nbsp;<\/p>\n<ul>\n<li>\u00a0The\u00a0two visa application <a href=\"http:\/\/consulat-tunisie.ca\/wp-content\/uploads\/2015\/11\/FORMULAIRE-VISA.pdf\">forms <\/a>must be completed, signed and legible.<\/li>\n<li>\u00a0One (1) photograph; 3. Photocopy of the passport identification pages;<\/li>\n<li>\u00a0The passport<\/li>\n<li>\u00a0Photocopy of the immigration paper or citizenship document;<\/li>\n<li>\u00a0Employment letter .<\/li>\n<li>\u00a0School or University enrolment certificate;<\/li>\n<li>\u00a0A confirmed hotel reservation or an official invitation letter.<\/li>\n<li><a href=\"http:\/\/consulat-tunisie.ca\/index.php\/droit-de-chancellerie\/\" target=\"_blank\"> A money Order<\/a> or a Certified cheque ordered to \u2018Consulate of Tunisia at Montreal\u2019 non refundable.<\/li>\n<\/ul>\n<p>P.S: For the return of the passport, please send a \u00ab PREPAID EXPRESS POST (with tracking) \u00bb envelope with the application (It\u2019s obligatory to write your complete address on the envelope)<\/p>\n<p><strong><span style=\"color: #ff0000;\">P.S: In case of refusal, the fees will not be refunded.<\/strong><\/span><\/p>\n<p><strong><span style=\"color: #ff0000;\"><span style=\"text-decoration: underline;\">IMPORTANT NOTICE<\/span> :<\/span> :<\/span><\/strong><\/p>\n<ul>\n<li><span style=\"color: #000000;\"><strong>Consular fees can be paid in cash or by debit card.<\/strong><\/span><\/li>\n<li><span style=\"color: #000000;\"><strong>For applications sent by mail, stamp duties must be paid exclusively by postal money order or certified check made payable to the Consulate of Tunisia in Montreal.<\/strong><\/span><\/li>\n<li><span style=\"color: #000000;\"><strong>Sending cash by mail is strictly prohibited, and any related application will not be processed.<\/strong><\/span><\/li>\n<\/ul>\n\r\n\t\t<\/div>\r\n\t<\/div>\r\n<\/div><\/div><\/div>\n","protected":false},"excerpt":{"rendered":"PIECES A FOURNIR POUR LA DEMANDE D\u2019UN VISA Remplir lisiblement et signer les les formulaires en double exemplaires ci-joints, \u00a0Une (01) photo, \u00a0Photocopie de la page d\u2019identification du passeport \u00a0Le passeport \u00a0Photocopie du Certificat d\u2019Immigration \u00a0Attestation de travail (pour les travailleurs) \u00a0Inscription Scolaire ou Universitaire (pour les \u00e9tudiants) \u00a0Une r\u00e9servation d\u2019h\u00f4tel confirm\u00e9e ou une lettre&hellip;","protected":false},"author":4,"featured_media":384,"parent":0,"menu_order":0,"comment_status":"closed","ping_status":"closed","template":"","meta":[],"_links":{"self":[{"href":"http:\/\/consulat-tunisie.ca\/index.php\/wp-json\/wp\/v2\/pages\/73"}],"collection":[{"href":"http:\/\/consulat-tunisie.ca\/index.php\/wp-json\/wp\/v2\/pages"}],"about":[{"href":"http:\/\/consulat-tunisie.ca\/index.php\/wp-json\/wp\/v2\/types\/page"}],"author":[{"embeddable":true,"href":"http:\/\/consulat-tunisie.ca\/index.php\/wp-json\/wp\/v2\/users\/4"}],"replies":[{"embeddable":true,"href":"http:\/\/consulat-tunisie.ca\/index.php\/wp-json\/wp\/v2\/comments?post=73"}],"version-history":[{"count":10,"href":"http:\/\/consulat-tunisie.ca\/index.php\/wp-json\/wp\/v2\/pages\/73\/revisions"}],"predecessor-version":[{"id":563,"href":"http:\/\/consulat-tunisie.ca\/index.php\/wp-json\/wp\/v2\/pages\/73\/revisions\/563"}],"wp:featuredmedia":[{"embeddable":true,"href":"http:\/\/consulat-tunisie.ca\/index.php\/wp-json\/wp\/v2\/media\/384"}],"wp:attachment":[{"href":"http:\/\/consulat-tunisie.ca\/index.php\/wp-json\/wp\/v2\/media?parent=73"}],"curies":[{"name":"wp","href":"https:\/\/api.w.org\/{rel}","templated":true}]}}