{"id":75,"date":"2015-10-25T21:23:51","date_gmt":"2015-10-25T20:23:51","guid":{"rendered":"http:\/\/consulatmontreal.itgrapes.com\/?page_id=75"},"modified":"2017-05-31T14:06:14","modified_gmt":"2017-05-31T13:06:14","slug":"signature-legalisee","status":"publish","type":"page","link":"http:\/\/consulat-tunisie.ca\/index.php\/signature-legalisee\/","title":{"rendered":"Signature l\u00e9galis\u00e9e"},"content":{"rendered":"<div class=\"vc_row wpb_row wf-container\" style=\"margin-top: 0px;margin-bottom: 0px\"><div class=\"wpb_column vc_column_container vc_col-sm-12\"><div class=\"wpb_wrapper\">\r\n\t<div class=\"wpb_text_column wpb_content_element \">\r\n\t\t<div class=\"wpb_wrapper\">\r\n\t\t\t<h3><span style=\"color: #3366ff;\">Conditions<\/span><\/h3>\n<ul>\n<li>Le contenu du document en question ne doit pas \u00eatre contraire \u00e0 l\u2019ordre public et aux bonnes m\u0153urs ou d\u00e9nu\u00e9 de toute valeur ou int\u00e9r\u00eat\u00a0juridique.<\/li>\n<li>La pr\u00e9sence physique du signataire du document est obligatoire.<\/li>\n<\/ul>\n<h3><span style=\"color: #3366ff;\">Pi\u00e8ces \u00e0 fournir<\/span><\/h3>\n<ul>\n<li>Pr\u00e9sentation d\u2019une pi\u00e8ce d\u2019identit\u00e9 tunisienne valide.<\/li>\n<li>Timbre fiscal (voir<span class=\"Apple-converted-space\">\u00a0<\/span><a href=\"http:\/\/consulat-tunisie.ca\/index.php\/droit-de-chancellerie\/\" target=\"_blank\">droits de chancellerie<\/a>).<\/li>\n<\/ul>\n<p><strong><span style=\"text-decoration: underline; color: #ff0000;\">IMPORTANT<\/span><\/strong><\/p>\n<p><span style=\"color: #ff0000;\">En application de la Loi n. 94-103 du 01\/08\/1994 relative \u00e0\u00a0la r\u00e9glementation de la l\u00e9galisation de signature , le demandeur de la prestation doit se pr\u00e9senter et signer personnellement devant l\u2019agent relevant des services de l\u2019Ambassade de Tunisie \u00e0 Ottawa ou du\u00a0Consulat de Tunisie \u00e0 Montr\u00e9al \u00e0 l\u2019exception des personnes qui ont\u00a0d\u00e9pos\u00e9 leurs signatures dans les\u00a0registres d\u00e9tenus \u00e0 cet effet par lesdits services.<\/span><\/p>\n<p><span style=\"color: #ff0000;\">Tout document envoy\u00e9 par la poste ne r\u00e9pondant pas aux conditions sus indiqu\u00e9es ne sera pas trait\u00e9.<\/span><\/p>\n\r\n\t\t<\/div>\r\n\t<\/div>\r\n<\/div><\/div><\/div>\n","protected":false},"excerpt":{"rendered":"Conditions Le contenu du document en question ne doit pas \u00eatre contraire \u00e0 l\u2019ordre public et aux bonnes m\u0153urs ou d\u00e9nu\u00e9 de toute valeur ou int\u00e9r\u00eat\u00a0juridique. La pr\u00e9sence physique du signataire du document est obligatoire. Pi\u00e8ces \u00e0 fournir Pr\u00e9sentation d\u2019une pi\u00e8ce d\u2019identit\u00e9 tunisienne valide. Timbre fiscal (voir\u00a0droits de chancellerie). IMPORTANT En application de la Loi&hellip;","protected":false},"author":4,"featured_media":0,"parent":0,"menu_order":0,"comment_status":"closed","ping_status":"closed","template":"","meta":[],"_links":{"self":[{"href":"http:\/\/consulat-tunisie.ca\/index.php\/wp-json\/wp\/v2\/pages\/75"}],"collection":[{"href":"http:\/\/consulat-tunisie.ca\/index.php\/wp-json\/wp\/v2\/pages"}],"about":[{"href":"http:\/\/consulat-tunisie.ca\/index.php\/wp-json\/wp\/v2\/types\/page"}],"author":[{"embeddable":true,"href":"http:\/\/consulat-tunisie.ca\/index.php\/wp-json\/wp\/v2\/users\/4"}],"replies":[{"embeddable":true,"href":"http:\/\/consulat-tunisie.ca\/index.php\/wp-json\/wp\/v2\/comments?post=75"}],"version-history":[{"count":12,"href":"http:\/\/consulat-tunisie.ca\/index.php\/wp-json\/wp\/v2\/pages\/75\/revisions"}],"predecessor-version":[{"id":743,"href":"http:\/\/consulat-tunisie.ca\/index.php\/wp-json\/wp\/v2\/pages\/75\/revisions\/743"}],"wp:attachment":[{"href":"http:\/\/consulat-tunisie.ca\/index.php\/wp-json\/wp\/v2\/media?parent=75"}],"curies":[{"name":"wp","href":"https:\/\/api.w.org\/{rel}","templated":true}]}}