{"id":77,"date":"2015-10-25T21:24:59","date_gmt":"2015-10-25T20:24:59","guid":{"rendered":"http:\/\/consulatmontreal.itgrapes.com\/?page_id=77"},"modified":"2016-01-22T20:41:44","modified_gmt":"2016-01-22T19:41:44","slug":"copies-conformes","status":"publish","type":"page","link":"http:\/\/consulat-tunisie.ca\/index.php\/copies-conformes\/","title":{"rendered":"Copies conformes"},"content":{"rendered":"<div class=\"vc_row wpb_row wf-container\" style=\"margin-top: 0px;margin-bottom: 0px\"><div class=\"wpb_column vc_column_container vc_col-sm-12\"><div class=\"wpb_wrapper\">\r\n\t<div class=\"wpb_text_column wpb_content_element \">\r\n\t\t<div class=\"wpb_wrapper\">\r\n\t\t\t<h3><span style=\"color: #3366ff;\">Conditions:<\/span><\/h3>\n<ul>\n<li>Pr\u00e9sence du demandeur du service<\/li>\n<\/ul>\n<h3><span style=\"color: #3366ff;\">Pi\u00e8ces \u00e0 fournir:<\/span><\/h3>\n<ul>\n<li>Le document en original<\/li>\n<li>Photocopies du document<\/li>\n<li>Pr\u00e9sentation d\u2019une pi\u00e8ce d\u2019identit\u00e9<\/li>\n<li>Timbre fiscal (voir<span class=\"Apple-converted-space\">\u00a0<\/span><a href=\"http:\/\/consulat-tunisie.ca\/index.php\/droit-de-chancellerie\/\" target=\"_blank\">droits de chancellerie<\/a>).<\/li>\n<\/ul>\n\r\n\t\t<\/div>\r\n\t<\/div>\r\n<\/div><\/div><\/div>\n","protected":false},"excerpt":{"rendered":"Conditions: Pr\u00e9sence du demandeur du service Pi\u00e8ces \u00e0 fournir: Le document en original Photocopies du document Pr\u00e9sentation d\u2019une pi\u00e8ce d\u2019identit\u00e9 Timbre fiscal (voir\u00a0droits de chancellerie).","protected":false},"author":4,"featured_media":389,"parent":0,"menu_order":0,"comment_status":"closed","ping_status":"closed","template":"","meta":[],"_links":{"self":[{"href":"http:\/\/consulat-tunisie.ca\/index.php\/wp-json\/wp\/v2\/pages\/77"}],"collection":[{"href":"http:\/\/consulat-tunisie.ca\/index.php\/wp-json\/wp\/v2\/pages"}],"about":[{"href":"http:\/\/consulat-tunisie.ca\/index.php\/wp-json\/wp\/v2\/types\/page"}],"author":[{"embeddable":true,"href":"http:\/\/consulat-tunisie.ca\/index.php\/wp-json\/wp\/v2\/users\/4"}],"replies":[{"embeddable":true,"href":"http:\/\/consulat-tunisie.ca\/index.php\/wp-json\/wp\/v2\/comments?post=77"}],"version-history":[{"count":8,"href":"http:\/\/consulat-tunisie.ca\/index.php\/wp-json\/wp\/v2\/pages\/77\/revisions"}],"predecessor-version":[{"id":463,"href":"http:\/\/consulat-tunisie.ca\/index.php\/wp-json\/wp\/v2\/pages\/77\/revisions\/463"}],"wp:featuredmedia":[{"embeddable":true,"href":"http:\/\/consulat-tunisie.ca\/index.php\/wp-json\/wp\/v2\/media\/389"}],"wp:attachment":[{"href":"http:\/\/consulat-tunisie.ca\/index.php\/wp-json\/wp\/v2\/media?parent=77"}],"curies":[{"name":"wp","href":"https:\/\/api.w.org\/{rel}","templated":true}]}}