{"id":79,"date":"2015-10-25T21:27:37","date_gmt":"2015-10-25T20:27:37","guid":{"rendered":"http:\/\/consulatmontreal.itgrapes.com\/?page_id=79"},"modified":"2022-11-19T01:52:15","modified_gmt":"2022-11-19T00:52:15","slug":"droit-de-chancellerie","status":"publish","type":"page","link":"http:\/\/consulat-tunisie.ca\/index.php\/droit-de-chancellerie\/","title":{"rendered":"Droits de chancellerie"},"content":{"rendered":"<div class=\"vc_row wpb_row wf-container\" style=\"margin-top: 0px;margin-bottom: 0px\"><div class=\"wpb_column vc_column_container vc_col-sm-12\"><div class=\"wpb_wrapper\">\r\n\t<div class=\"wpb_text_column wpb_content_element \">\r\n\t\t<div class=\"wpb_wrapper\">\r\n\t\t\t<p><strong><span style=\"color: #800080;\">TARIFS DES DROITS DE TIMBRE\u00a0\u00a0<\/span>:\u00a0<\/strong>\u00a0en Dollar Canadien <strong><span style=\"color: #ff0000;\">(\u00c0\u00a0COMPTER DU 01 JANVIER 2021)<\/span><\/strong><\/p>\n<p><b>DOCUMENTS DE L&rsquo;ETAT CIVIL<\/b><\/p>\n<p>Extrait de naissance en arabe : 6,00\u00a0$<\/p>\n<p>Extrait de naissance en Fran\u00e7ais : 7,00 $<\/p>\n<p>Extrait de d\u00e9c\u00e8s : 6,00\u00a0$<\/p>\n<p>Certificat de mariage\u00a0: 9,00\u00a0$<\/p>\n<p>Contrat de mariage : 17,00 $<\/p>\n<p>Traduction\u00a0de l&rsquo;extrait de l&rsquo;\u00e9tat civil\u00a0: 7,00 $\u00a0(par acte)<\/p>\n<p>Livret de famille : 17,00 $<\/p>\n<p>Certificat de nationalit\u00e9 : 13,00 $<\/p>\n<p>Certificat de coutume : 22,00 $<\/p>\n<p>Bulletin N\u00b03 (extrait du casier judiciaire) :\u00a03,00\u00a0$<\/p>\n<p><b>L\u00c9GALISATION\u00a0DE SIGNATURE ET COPIE CERTIFI\u00c9E\u00a0CONFORME<\/b><\/p>\n<p>L\u00e9galisation de signature (documents administratifs) : 9,00 $<\/p>\n<p>L\u00e9galisation de signature (documents <span style=\"color: #ff0000;\"><span style=\"color: #000000;\">\u00e0<\/span><\/span> caract\u00e8re commercial ou mutation de propri\u00e9t\u00e9) : 34,00 $<\/p>\n<p>D\u00e9claration sur l&rsquo;honneur: 9$<\/p>\n<p>Demande de certificat d&rsquo;authenticit\u00e9: 26$<\/p>\n<p>Copie certifi\u00e9e conforme \u00e0 l\u2019original (pour les tunisiens) : 9,00\u00a0$<\/p>\n<p>Copie certifi\u00e9e conforme \u00e0 l\u2019original (pour les \u00e9trangers) : 17,00\u00a0$<\/p>\n<p>Copie certifi\u00e9e conforme \u00e0 l\u2019original (<span style=\"text-decoration: underline;\">pour les \u00e9tudiants<\/span>) \/ attestations de r\u00e9ussite, relev\u00e9s de notes, attestations de stage et dipl\u00f4mes :\u00a0<strong>Gratuit<\/strong><\/p>\n<p><span style=\"color: #ff0000;\"><span style=\"text-decoration: underline;\">NB<\/span>: Une attestation d\u2019inscription universitaire de la session en cours est requise pour b\u00e9n\u00e9ficier de la gratuit\u00e9 .<\/span><\/p>\n<p>&nbsp;<\/p>\n<p><strong>DOCUMENTS DE VOYAGE ET VISA<\/strong><\/p>\n<p>Passeport enfant mineur : 37,00 $ (inclus 22$ passeport + 9$ autorisation parentale + 6$ extrait de naissance)<br \/>\nPasseport \u00e9tudiant : 22,00\u00a0$<br \/>\nPasseport adulte : 68,00\u00a0$<br \/>\nDuplicata de passeport (suite perte ou d\u00e9t\u00e9rioration du passeport) : 127,00\u00a0$<\/p>\n<p>Visa de transit (maximum 7 jours) : 34,00\u00a0$<\/p>\n<p>Visa\u00a0entr\u00e9e simple (maximum\u00a090 jours)\u00a0: 102,00\u00a0$<\/p>\n<p>Visa entr\u00e9es multiples (maximum\u00a090\u00a0jours)\u00a0: 204,00\u00a0$<\/p>\n<p>Visa pour \u00e9tudes, participation aux congr\u00e8s, conf\u00e9rences ou manifestations en Tunisie : 51,00 $ (entr\u00e9e simple).<\/p>\n<p>Visa pour\u00a0les\u00a0personnes dont les conjoints sont tunisiens (le mariage doit \u00eatre obligatoirement transcrit \u00e0 l&rsquo;\u00e9tat civil tunisien)\u00a0et leurs enfants de moins de 12 ans : 51,00 $ (entr\u00e9e simple) \/ 102,00 $ (entr\u00e9s multiples).<\/p>\n<p><strong>AUTRES DOCUMENTS<\/strong><\/p>\n<p>Carte d\u2019immatriculation consulaire : 13,00 $<\/p>\n<p>Autres actes administratifs (pour les tunisiens) : 26,00 $<\/p>\n<p>Autres actes administratifs (pour les \u00e9trangers)\u00a0 : 51,00 $<\/p>\n<p>&nbsp;<\/p>\n<p><strong><span style=\"color: #ff0000;\"><span style=\"text-decoration: underline;\">AVIS\u00a0IMPORTANT<\/span> :<\/span><\/strong><\/p>\n<ul>\n<li><span style=\"color: #000000;\"><strong>Les droits de chancellerie peuvent \u00eatre pay\u00e9s en esp\u00e8ce ou par carte de d\u00e9bit.<\/strong><\/span><\/li>\n<li><span style=\"color: #000000;\"><b style=\"color: #000000;\">Par voie postale, les droits\u00a0de timbre doivent \u00eatre acquitt\u00e9s <\/b><span style=\"text-decoration: underline;\"><b style=\"color: #000000;\"><u>exclusivement\u00a0par mandat postal ou <\/u><\/b><span style=\"color: #000000;\"><b><u>ch\u00e8que<\/u><\/b><\/span><b style=\"color: #000000;\"><u>\u00a0certifi\u00e9\u00a0<\/u><\/b><\/span><b style=\"color: #000000;\">libell\u00e9 au nom du Consulat de Tunisie \u00e0 Montr\u00e9al.<\/b><\/span><\/li>\n<li><span style=\"color: #000000;\"><strong>L&rsquo;envoi de l\u2019argent en esp\u00e8ces par\u00a0la poste est strictement interdit\u00a0et le dossier y aff\u00e9rent\u00a0ne sera pas trait\u00e9.<\/strong><\/span><\/li>\n<\/ul>\n\r\n\t\t<\/div>\r\n\t<\/div>\r\n<\/div><\/div><\/div>\n","protected":false},"excerpt":{"rendered":"TARIFS DES DROITS DE TIMBRE\u00a0\u00a0:\u00a0\u00a0en Dollar Canadien (\u00c0\u00a0COMPTER DU 01 JANVIER 2021) DOCUMENTS DE L'ETAT CIVIL Extrait de naissance en arabe : 6,00\u00a0$ Extrait de naissance en Fran\u00e7ais : 7,00 $ Extrait de d\u00e9c\u00e8s : 6,00\u00a0$ Certificat de mariage\u00a0: 9,00\u00a0$ Contrat de mariage : 17,00 $ Traduction\u00a0de l'extrait de l'\u00e9tat civil\u00a0: 7,00 $\u00a0(par acte) Livret&hellip;","protected":false},"author":4,"featured_media":0,"parent":0,"menu_order":0,"comment_status":"closed","ping_status":"closed","template":"","meta":[],"_links":{"self":[{"href":"http:\/\/consulat-tunisie.ca\/index.php\/wp-json\/wp\/v2\/pages\/79"}],"collection":[{"href":"http:\/\/consulat-tunisie.ca\/index.php\/wp-json\/wp\/v2\/pages"}],"about":[{"href":"http:\/\/consulat-tunisie.ca\/index.php\/wp-json\/wp\/v2\/types\/page"}],"author":[{"embeddable":true,"href":"http:\/\/consulat-tunisie.ca\/index.php\/wp-json\/wp\/v2\/users\/4"}],"replies":[{"embeddable":true,"href":"http:\/\/consulat-tunisie.ca\/index.php\/wp-json\/wp\/v2\/comments?post=79"}],"version-history":[{"count":45,"href":"http:\/\/consulat-tunisie.ca\/index.php\/wp-json\/wp\/v2\/pages\/79\/revisions"}],"predecessor-version":[{"id":1031,"href":"http:\/\/consulat-tunisie.ca\/index.php\/wp-json\/wp\/v2\/pages\/79\/revisions\/1031"}],"wp:attachment":[{"href":"http:\/\/consulat-tunisie.ca\/index.php\/wp-json\/wp\/v2\/media?parent=79"}],"curies":[{"name":"wp","href":"https:\/\/api.w.org\/{rel}","templated":true}]}}