{"id":84,"date":"2015-10-25T21:36:09","date_gmt":"2015-10-25T20:36:09","guid":{"rendered":"http:\/\/consulatmontreal.itgrapes.com\/?page_id=84"},"modified":"2015-11-23T18:36:32","modified_gmt":"2015-11-23T17:36:32","slug":"services-et-requetes-aupres-des-instances-administratives-en-tunisie","status":"publish","type":"page","link":"http:\/\/consulat-tunisie.ca\/index.php\/services-et-requetes-aupres-des-instances-administratives-en-tunisie\/","title":{"rendered":"Services et requ\u00eates aupr\u00e8s des instances administratives en Tunisie"},"content":{"rendered":"<div class=\"vc_row wpb_row wf-container\" style=\"margin-top: 0px;margin-bottom: 0px\"><div class=\"wpb_column vc_column_container vc_col-sm-12\"><div class=\"wpb_wrapper\">\r\n\t<div class=\"wpb_text_column wpb_content_element \">\r\n\t\t<div class=\"wpb_wrapper\">\r\n\t\t\t<p>Ces requ\u00eates peuvent \u00eatre transmises via le Consulat sauf s\u2019il y a obligation de le faire personnellement aupr\u00e8s de ces instances.<\/p>\n<div>\n<div>\n<h3><span style=\"color: #3366ff;\">Les pi\u00e8ces \u00e0 fournir sont les suivantes\u00a0<\/span><\/h3>\n<div>\n<ul>\n<li>une demande \u00e9crite au nom de l\u2019instance concern\u00e9e pr\u00e9cisant l\u2019objet et les informations facilitant la r\u00e9ponse avec les justificatifs n\u00e9cessaires<\/li>\n<li>documents de s\u00e9jour et pi\u00e8ces d\u2019identit\u00e9 aff\u00e9rents au demandeur.<\/li>\n<\/ul>\n<\/div>\n<\/div>\n<\/div>\n\r\n\t\t<\/div>\r\n\t<\/div>\r\n<\/div><\/div><\/div>\n","protected":false},"excerpt":{"rendered":"Ces requ\u00eates peuvent \u00eatre transmises via le Consulat sauf s\u2019il y a obligation de le faire personnellement aupr\u00e8s de ces instances. Les pi\u00e8ces \u00e0 fournir sont les suivantes\u00a0 une demande \u00e9crite au nom de l\u2019instance concern\u00e9e pr\u00e9cisant l\u2019objet et les informations facilitant la r\u00e9ponse avec les justificatifs n\u00e9cessaires documents de s\u00e9jour et pi\u00e8ces d\u2019identit\u00e9 aff\u00e9rents&hellip;","protected":false},"author":4,"featured_media":0,"parent":0,"menu_order":0,"comment_status":"closed","ping_status":"closed","template":"","meta":[],"_links":{"self":[{"href":"http:\/\/consulat-tunisie.ca\/index.php\/wp-json\/wp\/v2\/pages\/84"}],"collection":[{"href":"http:\/\/consulat-tunisie.ca\/index.php\/wp-json\/wp\/v2\/pages"}],"about":[{"href":"http:\/\/consulat-tunisie.ca\/index.php\/wp-json\/wp\/v2\/types\/page"}],"author":[{"embeddable":true,"href":"http:\/\/consulat-tunisie.ca\/index.php\/wp-json\/wp\/v2\/users\/4"}],"replies":[{"embeddable":true,"href":"http:\/\/consulat-tunisie.ca\/index.php\/wp-json\/wp\/v2\/comments?post=84"}],"version-history":[{"count":4,"href":"http:\/\/consulat-tunisie.ca\/index.php\/wp-json\/wp\/v2\/pages\/84\/revisions"}],"predecessor-version":[{"id":507,"href":"http:\/\/consulat-tunisie.ca\/index.php\/wp-json\/wp\/v2\/pages\/84\/revisions\/507"}],"wp:attachment":[{"href":"http:\/\/consulat-tunisie.ca\/index.php\/wp-json\/wp\/v2\/media?parent=84"}],"curies":[{"name":"wp","href":"https:\/\/api.w.org\/{rel}","templated":true}]}}