{"id":90,"date":"2015-10-25T21:45:52","date_gmt":"2015-10-25T20:45:52","guid":{"rendered":"http:\/\/consulatmontreal.itgrapes.com\/?page_id=90"},"modified":"2016-01-26T20:02:05","modified_gmt":"2016-01-26T19:02:05","slug":"adoption","status":"publish","type":"page","link":"http:\/\/consulat-tunisie.ca\/index.php\/adoption\/","title":{"rendered":"Adoption Prise en charge et Placement"},"content":{"rendered":"<div class=\"vc_row wpb_row wf-container\" style=\"margin-top: 0px;margin-bottom: 0px\"><div class=\"wpb_column vc_column_container vc_col-sm-12\"><div class=\"wpb_wrapper\">\r\n\t<div class=\"wpb_text_column wpb_content_element \">\r\n\t\t<div class=\"wpb_wrapper\">\r\n\t\t\t<p><b>Pi\u00e8ces \u00e0 fournir (pour chacun des deux \u00e9poux):<\/b><\/p>\n<p><b><i><br \/>\n<\/i><\/b>Demande \u00e9crite et sign\u00e9e au nom du directeur de l\u2019Institut de l\u2019Enfance.<\/p>\n<p>Copie de la carte d\u2019identit\u00e9 nationale.<\/p>\n<p>Copie du passeport.<\/p>\n<p>Extrait d\u2019acte de naissance.<\/p>\n<p>Certificat m\u00e9dical.<\/p>\n<p>Attestation de salaire.<\/p>\n<p>Attestation de travail.<\/p>\n<p>D\u00e9claration d\u2019imp\u00f4t.<\/p>\n<p>Extrait du casier judiciaire (Bulletin n\u00b03).<\/p>\n<p>Extrait d\u2019acte de mariage.<\/p>\n<p>Extrait d\u2019acte de d\u00e9c\u00e8s\u00a0 ( en cas du d\u00e9c\u00e8s de l\u2019un des \u00e9poux).<\/p>\n<p>2 photos.<\/p>\n<p>4 enveloppes timbr\u00e9es.<\/p>\n<p>Copie conforme du jugement du divorce ( pour le cas d\u2019une femme divorc\u00e9e ).<\/p>\n\r\n\t\t<\/div>\r\n\t<\/div>\r\n<\/div><\/div><\/div>\n","protected":false},"excerpt":{"rendered":"Pi\u00e8ces \u00e0 fournir (pour chacun des deux \u00e9poux): Demande \u00e9crite et sign\u00e9e au nom du directeur de l\u2019Institut de l\u2019Enfance. Copie de la carte d\u2019identit\u00e9 nationale. Copie du passeport. Extrait d\u2019acte de naissance. Certificat m\u00e9dical. Attestation de salaire. Attestation de travail. D\u00e9claration d\u2019imp\u00f4t. Extrait du casier judiciaire (Bulletin n\u00b03). Extrait d\u2019acte de mariage. Extrait d\u2019acte&hellip;","protected":false},"author":4,"featured_media":0,"parent":0,"menu_order":0,"comment_status":"closed","ping_status":"closed","template":"","meta":[],"_links":{"self":[{"href":"http:\/\/consulat-tunisie.ca\/index.php\/wp-json\/wp\/v2\/pages\/90"}],"collection":[{"href":"http:\/\/consulat-tunisie.ca\/index.php\/wp-json\/wp\/v2\/pages"}],"about":[{"href":"http:\/\/consulat-tunisie.ca\/index.php\/wp-json\/wp\/v2\/types\/page"}],"author":[{"embeddable":true,"href":"http:\/\/consulat-tunisie.ca\/index.php\/wp-json\/wp\/v2\/users\/4"}],"replies":[{"embeddable":true,"href":"http:\/\/consulat-tunisie.ca\/index.php\/wp-json\/wp\/v2\/comments?post=90"}],"version-history":[{"count":8,"href":"http:\/\/consulat-tunisie.ca\/index.php\/wp-json\/wp\/v2\/pages\/90\/revisions"}],"predecessor-version":[{"id":575,"href":"http:\/\/consulat-tunisie.ca\/index.php\/wp-json\/wp\/v2\/pages\/90\/revisions\/575"}],"wp:attachment":[{"href":"http:\/\/consulat-tunisie.ca\/index.php\/wp-json\/wp\/v2\/media?parent=90"}],"curies":[{"name":"wp","href":"https:\/\/api.w.org\/{rel}","templated":true}]}}