{"id":94,"date":"2015-10-25T21:52:37","date_gmt":"2015-10-25T20:52:37","guid":{"rendered":"http:\/\/consulatmontreal.itgrapes.com\/?page_id=94"},"modified":"2015-11-24T21:14:51","modified_gmt":"2015-11-24T20:14:51","slug":"succession-des-tunisiens-decedes-a-letranger","status":"publish","type":"page","link":"http:\/\/consulat-tunisie.ca\/index.php\/succession-des-tunisiens-decedes-a-letranger\/","title":{"rendered":"Succession des Tunisiens d\u00e9c\u00e9d\u00e9s \u00e0 l&rsquo;\u00e9tranger"},"content":{"rendered":"<div class=\"vc_row wpb_row wf-container\" style=\"margin-top: 0px;margin-bottom: 0px\"><div class=\"wpb_column vc_column_container vc_col-sm-12\"><div class=\"wpb_wrapper\">\r\n\t<div class=\"wpb_text_column wpb_content_element \">\r\n\t\t<div class=\"wpb_wrapper\">\r\n\t\t\t<p>Dans ce cadre, Le Consulat peut assister les familles des Tunisiens d\u00e9c\u00e9d\u00e9s\u00a0au Canada.<\/p>\n<div>\n<p>Les pi\u00e8ces \u00e0 fournir sont les suivantes :<\/p>\n<div>\n<ul>\n<li>une demande d\u00e9taill\u00e9e.<\/li>\n<li>un acte de notori\u00e9t\u00e9.<\/li>\n<li>inventaire de la succession si possible.<\/li>\n<li>procuration au nom impersonnel du Consul , d\u00fbment l\u00e9galis\u00e9e et authentifi\u00e9e.<\/li>\n<li>toute autre pi\u00e8ce jug\u00e9e utile (extrait de naissance des ayants droit, copies de leurs pi\u00e8ces d&rsquo;identit\u00e9 &#8230;)<\/li>\n<\/ul>\n<\/div>\n<\/div>\n\r\n\t\t<\/div>\r\n\t<\/div>\r\n<\/div><\/div><\/div>\n","protected":false},"excerpt":{"rendered":"Dans ce cadre, Le Consulat peut assister les familles des Tunisiens d\u00e9c\u00e9d\u00e9s\u00a0au Canada. Les pi\u00e8ces \u00e0 fournir sont les suivantes : une demande d\u00e9taill\u00e9e. un acte de notori\u00e9t\u00e9. inventaire de la succession si possible. procuration au nom impersonnel du Consul , d\u00fbment l\u00e9galis\u00e9e et authentifi\u00e9e. toute autre pi\u00e8ce jug\u00e9e utile (extrait de naissance des ayants&hellip;","protected":false},"author":4,"featured_media":0,"parent":0,"menu_order":0,"comment_status":"closed","ping_status":"closed","template":"","meta":[],"_links":{"self":[{"href":"http:\/\/consulat-tunisie.ca\/index.php\/wp-json\/wp\/v2\/pages\/94"}],"collection":[{"href":"http:\/\/consulat-tunisie.ca\/index.php\/wp-json\/wp\/v2\/pages"}],"about":[{"href":"http:\/\/consulat-tunisie.ca\/index.php\/wp-json\/wp\/v2\/types\/page"}],"author":[{"embeddable":true,"href":"http:\/\/consulat-tunisie.ca\/index.php\/wp-json\/wp\/v2\/users\/4"}],"replies":[{"embeddable":true,"href":"http:\/\/consulat-tunisie.ca\/index.php\/wp-json\/wp\/v2\/comments?post=94"}],"version-history":[{"count":6,"href":"http:\/\/consulat-tunisie.ca\/index.php\/wp-json\/wp\/v2\/pages\/94\/revisions"}],"predecessor-version":[{"id":529,"href":"http:\/\/consulat-tunisie.ca\/index.php\/wp-json\/wp\/v2\/pages\/94\/revisions\/529"}],"wp:attachment":[{"href":"http:\/\/consulat-tunisie.ca\/index.php\/wp-json\/wp\/v2\/media?parent=94"}],"curies":[{"name":"wp","href":"https:\/\/api.w.org\/{rel}","templated":true}]}}